{"id":950,"date":"2016-07-15T14:19:20","date_gmt":"2016-07-15T14:19:20","guid":{"rendered":"http:\/\/test.kriesi.at\/enfold-medical\/?page_id=950"},"modified":"2023-09-03T12:30:46","modified_gmt":"2023-09-03T10:30:46","slug":"area","status":"publish","type":"page","link":"https:\/\/areaautocaravanas.com\/index.php\/area\/","title":{"rendered":"Area"},"content":{"rendered":"<div id='av-layout-grid-1'  class='av-layout-grid-container av-li73q-e1db10c26939acc99331ee70921182c6 entry-content-wrapper main_color av-flex-cells  avia-builder-el-0  el_before_av_layout_row  avia-builder-el-first   container_wrap sidebar_right'  >\n\n<style type=\"text\/css\" data-created_by=\"avia_inline_auto\" id=\"style-css-av-5wbimm-872e89846f5ed444efdf7d8787675ab9\">\n.flex_cell.av-5wbimm-872e89846f5ed444efdf7d8787675ab9{\nvertical-align:middle;\nheight:500px;\nmin-height:500px;\nbackground-color:#22689e;\n}\n.responsive #top #wrap_all .flex_cell.av-5wbimm-872e89846f5ed444efdf7d8787675ab9{\npadding:80px 80px 80px 80px !important;\n}\n<\/style>\n<div class='flex_cell av-5wbimm-872e89846f5ed444efdf7d8787675ab9 av-gridrow-cell av_one_half no_margin  avia-builder-el-1  el_before_av_cell_one_half  avia-builder-el-first  avia-full-stretch' ><div class='flex_cell_inner'><p>\n<style type=\"text\/css\" data-created_by=\"avia_inline_auto\" id=\"style-css-av-5n1hxq-feaf31841722a86ba723926ce1d5d314\">\n#top .av-special-heading.av-5n1hxq-feaf31841722a86ba723926ce1d5d314{\npadding-bottom:25px;\ncolor:#ffffff;\nfont-size:34px;\n}\nbody .av-special-heading.av-5n1hxq-feaf31841722a86ba723926ce1d5d314 .av-special-heading-tag .heading-char{\nfont-size:25px;\n}\n#top #wrap_all .av-special-heading.av-5n1hxq-feaf31841722a86ba723926ce1d5d314 .av-special-heading-tag{\nfont-size:34px;\n}\n.av-special-heading.av-5n1hxq-feaf31841722a86ba723926ce1d5d314 .special-heading-inner-border{\nborder-color:#ffffff;\n}\n.av-special-heading.av-5n1hxq-feaf31841722a86ba723926ce1d5d314 .av-subheading{\nfont-size:15px;\n}\n\n@media only screen and (min-width: 480px) and (max-width: 767px){ \n#top #wrap_all .av-special-heading.av-5n1hxq-feaf31841722a86ba723926ce1d5d314 .av-special-heading-tag{\nfont-size:0.8em;\n}\n}\n\n@media only screen and (max-width: 479px){ \n#top #wrap_all .av-special-heading.av-5n1hxq-feaf31841722a86ba723926ce1d5d314 .av-special-heading-tag{\nfont-size:0.8em;\n}\n}\n<\/style>\n<div  class='av-special-heading av-5n1hxq-feaf31841722a86ba723926ce1d5d314 av-special-heading-h3 custom-color-heading blockquote modern-quote  avia-builder-el-2  el_before_av_textblock  avia-builder-el-first  av-inherit-size'><div class='av_custom_color av-subheading av-subheading_above'><p>Una peque\u00f1a introducci\u00f3n<\/p>\n<\/div><h3 class='av-special-heading-tag'  itemprop=\"headline\"  >Sobre nosotros<\/h3><div class=\"special-heading-border\"><div class=\"special-heading-inner-border\"><\/div><\/div><\/div><br \/>\n\n<style type=\"text\/css\" data-created_by=\"avia_inline_auto\" id=\"style-css-av-5hq2qe-4f3e537c810a8804bc32ee665c1ffd95\">\n#top .av_textblock_section.av-5hq2qe-4f3e537c810a8804bc32ee665c1ffd95 .avia_textblock{\ncolor:#ffffff;\n}\n<\/style>\n<section  class='av_textblock_section av-5hq2qe-4f3e537c810a8804bc32ee665c1ffd95'  itemscope=\"itemscope\" itemtype=\"https:\/\/schema.org\/CreativeWork\" ><div class='avia_textblock av_inherit_color'  itemprop=\"text\" ><p>Somos un \u00e1rea familiar y amante de los animales. Ofrecemos multitud de servicios en el \u00e1rea para hacer tu estancia m\u00e1s c\u00f3moda. Nos encontrar\u00e1s en recepci\u00f3n o en las distintas zonas del \u00e1rea, disponibles para cualquier consulta o recomendaci\u00f3n. Somos un \u00e1rea Animal friendly y no cobramos ningun suplemento por las mascotas.<\/p>\n<\/div><\/section><\/p>\n<\/div><\/div>\n<style type=\"text\/css\" data-created_by=\"avia_inline_auto\" id=\"style-css-av-5cyqiu-6d8584d2f9163e97a10495d652897308\">\n.flex_cell.av-5cyqiu-6d8584d2f9163e97a10495d652897308{\nvertical-align:middle;\nheight:500px;\nmin-height:500px;\nbackground:url(https:\/\/areaautocaravanas.com\/wp-content\/uploads\/2023\/09\/entradaylav-scaled.jpg) 50% 50% no-repeat scroll #22689e;\n}\n.responsive #top #wrap_all .flex_cell.av-5cyqiu-6d8584d2f9163e97a10495d652897308{\npadding:80px 80px 80px 80px !important;\n}\n<\/style>\n<div class='flex_cell av-5cyqiu-6d8584d2f9163e97a10495d652897308 av-gridrow-cell av_one_half no_margin  avia-builder-el-4  el_after_av_cell_one_half  avia-builder-el-last  avia-full-stretch' ><div class='flex_cell_inner'><\/div><\/div><\/div><div id='av-layout-grid-2'  class='av-layout-grid-container av-55gwse-2273c7961c2f63341bcb3e13334e9b97 entry-content-wrapper main_color av-flex-cells  avia-builder-el-5  el_after_av_layout_row  el_before_av_section  grid-row-not-first  container_wrap sidebar_right'  >\n\n<style type=\"text\/css\" data-created_by=\"avia_inline_auto\" id=\"style-css-av-5490ji-f4463e787cd341bf781efc588cdb279c\">\n.flex_cell.av-5490ji-f4463e787cd341bf781efc588cdb279c{\nvertical-align:middle;\nbackground-color:#2388c2;\n}\n.responsive #top #wrap_all .flex_cell.av-5490ji-f4463e787cd341bf781efc588cdb279c{\npadding:80px 50px 80px 50px !important;\n}\n<\/style>\n<div class='flex_cell av-5490ji-f4463e787cd341bf781efc588cdb279c av-gridrow-cell av_one_fourth no_margin  avia-builder-el-6  el_before_av_cell_one_fourth  avia-builder-el-first  avia-full-stretch' ><div class='flex_cell_inner'>\n<style type=\"text\/css\" data-created_by=\"avia_inline_auto\" id=\"style-css-av-4ttjke-ee80e76a070acceb756a007c90a01608\">\n#top .avia-animated-number.av-4ttjke-ee80e76a070acceb756a007c90a01608 .avia-animated-number-title{\nfont-size:34px;\ncolor:#ffffff;\n}\n#top .avia-animated-number.av-4ttjke-ee80e76a070acceb756a007c90a01608 .avia-animated-number-content{\nfont-size:20px;\ncolor:#444444;\n}\n<\/style>\n<div  class=\"avia-animated-number av-4ttjke-ee80e76a070acceb756a007c90a01608 av-force-default-color avia_animate_when_visible  avia-builder-el-7  avia-builder-el-no-sibling  avia-color-font-custom \" data-timer=\"3000\"><strong class=\"heading avia-animated-number-title\"><span class=\"avia-single-number __av-single-number\" data-number_format=\"\" data-number=\"24\" data-start_from=\"0\">24<\/span><span class=\"avia-no-number\">\/<\/span><span class=\"avia-single-number __av-single-number\" data-number_format=\"\" data-number=\"7\" data-start_from=\"0\">7<\/span><\/strong><div class=\"avia-animated-number-content\"><p>Abiertos para nuestros clientes<\/p>\n<\/div><\/div>\n<\/div><\/div>\n<style type=\"text\/css\" data-created_by=\"avia_inline_auto\" id=\"style-css-av-4o9djq-832d66c2c416c95cf10ba13f621979f0\">\n.flex_cell.av-4o9djq-832d66c2c416c95cf10ba13f621979f0{\nvertical-align:middle;\nbackground-color:#379cd6;\n}\n.responsive #top #wrap_all .flex_cell.av-4o9djq-832d66c2c416c95cf10ba13f621979f0{\npadding:80px 50px 80px 50px !important;\n}\n<\/style>\n<div class='flex_cell av-4o9djq-832d66c2c416c95cf10ba13f621979f0 av-gridrow-cell av_one_fourth no_margin  avia-builder-el-8  el_after_av_cell_one_fourth  el_before_av_cell_one_fourth  avia-full-stretch' ><div class='flex_cell_inner'>\n<style type=\"text\/css\" data-created_by=\"avia_inline_auto\" id=\"style-css-av-4logn2-44a2fee98a5edee5a32403249ea2e502\">\n#top .avia-animated-number.av-4logn2-44a2fee98a5edee5a32403249ea2e502 .avia-animated-number-title{\nfont-size:34px;\ncolor:#ffffff;\n}\n#top .avia-animated-number.av-4logn2-44a2fee98a5edee5a32403249ea2e502 .avia-animated-number-content{\nfont-size:20px;\ncolor:#444444;\n}\n<\/style>\n<div  class=\"avia-animated-number av-4logn2-44a2fee98a5edee5a32403249ea2e502 av-force-default-color avia_animate_when_visible  avia-builder-el-9  avia-builder-el-no-sibling  avia-color-font-custom \" data-timer=\"3000\"><strong class=\"heading avia-animated-number-title\"><span class=\"avia-single-number __av-single-number\" data-number_format=\"\" data-number=\"400\" data-start_from=\"0\">400<\/span><\/strong><div class=\"avia-animated-number-content\"><p>Rese\u00f1as positivas en google<\/p>\n<\/div><\/div>\n<\/div><\/div>\n<style type=\"text\/css\" data-created_by=\"avia_inline_auto\" id=\"style-css-av-4dyg5i-87bba0d7e319374389797ad10090bada\">\n.flex_cell.av-4dyg5i-87bba0d7e319374389797ad10090bada{\nvertical-align:middle;\nbackground-color:#5fb4e4;\n}\n.responsive #top #wrap_all .flex_cell.av-4dyg5i-87bba0d7e319374389797ad10090bada{\npadding:80px 50px 80px 50px !important;\n}\n<\/style>\n<div class='flex_cell av-4dyg5i-87bba0d7e319374389797ad10090bada av-gridrow-cell av_one_fourth no_margin  avia-builder-el-10  el_after_av_cell_one_fourth  el_before_av_cell_one_fourth  avia-full-stretch' ><div class='flex_cell_inner'>\n<style type=\"text\/css\" data-created_by=\"avia_inline_auto\" id=\"style-css-av-487cwm-9941dffc10225e364159ca16d588a0c8\">\n#top .avia-animated-number.av-487cwm-9941dffc10225e364159ca16d588a0c8 .avia-animated-number-title{\nfont-size:34px;\ncolor:#ffffff;\n}\n#top .avia-animated-number.av-487cwm-9941dffc10225e364159ca16d588a0c8 .avia-animated-number-content{\nfont-size:20px;\ncolor:#444444;\n}\n<\/style>\n<div  class=\"avia-animated-number av-487cwm-9941dffc10225e364159ca16d588a0c8 av-force-default-color avia_animate_when_visible  avia-builder-el-11  avia-builder-el-no-sibling  avia-color-font-custom \" data-timer=\"3000\"><strong class=\"heading avia-animated-number-title\"><span class=\"avia-single-number __av-single-number\" data-number_format=\"\" data-number=\"15\" data-start_from=\"0\">15<\/span><\/strong><div class=\"avia-animated-number-content\"><p>Servicios a tu disposici\u00f3n<\/p>\n<\/div><\/div>\n<\/div><\/div>\n<style type=\"text\/css\" data-created_by=\"avia_inline_auto\" id=\"style-css-av-41sncm-a63679288bbc02de7959ebdbcbbb0ef7\">\n.flex_cell.av-41sncm-a63679288bbc02de7959ebdbcbbb0ef7{\nvertical-align:middle;\nbackground-color:#80c7ef;\n}\n.responsive #top #wrap_all .flex_cell.av-41sncm-a63679288bbc02de7959ebdbcbbb0ef7{\npadding:80px 50px 80px 50px !important;\n}\n<\/style>\n<div class='flex_cell av-41sncm-a63679288bbc02de7959ebdbcbbb0ef7 av-gridrow-cell av_one_fourth no_margin  avia-builder-el-12  el_after_av_cell_one_fourth  avia-builder-el-last  avia-full-stretch' ><div class='flex_cell_inner'>\n<style type=\"text\/css\" data-created_by=\"avia_inline_auto\" id=\"style-css-av-3xv92m-378b163c9cff1e6adf086ac2c7af362c\">\n#top .avia-animated-number.av-3xv92m-378b163c9cff1e6adf086ac2c7af362c .avia-animated-number-title{\nfont-size:34px;\ncolor:#ffffff;\n}\n#top .avia-animated-number.av-3xv92m-378b163c9cff1e6adf086ac2c7af362c .avia-animated-number-content{\nfont-size:20px;\ncolor:#444444;\n}\n<\/style>\n<div  class=\"avia-animated-number av-3xv92m-378b163c9cff1e6adf086ac2c7af362c av-force-default-color avia_animate_when_visible  avia-builder-el-13  avia-builder-el-no-sibling  avia-color-font-custom \" data-timer=\"3000\"><strong class=\"heading avia-animated-number-title\"><span class=\"avia-single-number __av-single-number\" data-number_format=\"\" data-number=\"13\" data-start_from=\"0\">13<\/span><\/strong><div class=\"avia-animated-number-content\"><p>A\u00f1os de experiencia<\/p>\n<\/div><\/div>\n<\/div><\/div>\n<\/div><\/p>\n<div id='av_section_1'  class='avia-section av-3rjirq-8e7743ef5deaacd50cb9a2b8659a06cc main_color avia-section-huge avia-no-border-styling  avia-builder-el-14  el_after_av_layout_row  el_before_av_layout_row  avia-bg-style-scroll container_wrap sidebar_right'  ><div class='container av-section-cont-open' ><div class='template-page content  av-content-small alpha units'><div class='post-entry post-entry-type-page post-entry-950'><div class='entry-content-wrapper clearfix'>\n\n<style type=\"text\/css\" data-created_by=\"avia_inline_auto\" id=\"style-css-av-3l4xue-c4d9e62ff21eab10314c6f3d98be9cb0\">\n.flex_column.av-3l4xue-c4d9e62ff21eab10314c6f3d98be9cb0{\n-webkit-border-radius:0px 0px 0px 0px;\n-moz-border-radius:0px 0px 0px 0px;\nborder-radius:0px 0px 0px 0px;\npadding:0px 0px 0px 0px;\n}\n<\/style>\n<div class='flex_column av-3l4xue-c4d9e62ff21eab10314c6f3d98be9cb0 av_one_half  avia-builder-el-15  el_before_av_one_half  avia-builder-el-first  first flex_column_div av-animated-generic bottom-to-top av-zero-column-padding '     ><p>\n<style type=\"text\/css\" data-created_by=\"avia_inline_auto\" id=\"style-css-av-3dxt52-c1d7a5988c31a83925777aff8072807e\">\n#top .av-special-heading.av-3dxt52-c1d7a5988c31a83925777aff8072807e{\npadding-bottom:20px;\nfont-size:34px;\n}\nbody .av-special-heading.av-3dxt52-c1d7a5988c31a83925777aff8072807e .av-special-heading-tag .heading-char{\nfont-size:25px;\n}\n#top #wrap_all .av-special-heading.av-3dxt52-c1d7a5988c31a83925777aff8072807e .av-special-heading-tag{\nfont-size:34px;\n}\n.av-special-heading.av-3dxt52-c1d7a5988c31a83925777aff8072807e .av-subheading{\nfont-size:15px;\n}\n\n@media only screen and (min-width: 480px) and (max-width: 767px){ \n#top #wrap_all .av-special-heading.av-3dxt52-c1d7a5988c31a83925777aff8072807e .av-special-heading-tag{\nfont-size:0.8em;\n}\n}\n\n@media only screen and (max-width: 479px){ \n#top #wrap_all .av-special-heading.av-3dxt52-c1d7a5988c31a83925777aff8072807e .av-special-heading-tag{\nfont-size:0.8em;\n}\n}\n<\/style>\n<div  class='av-special-heading av-3dxt52-c1d7a5988c31a83925777aff8072807e av-special-heading-h3 blockquote modern-quote  avia-builder-el-16  el_before_av_textblock  avia-builder-el-first  av-inherit-size'><div class='av-subheading av-subheading_above'><p>Ofreciendo los mejores servicios<\/p>\n<\/div><h3 class='av-special-heading-tag'  itemprop=\"headline\"  >Sobre el \u00e1rea<\/h3><div class=\"special-heading-border\"><div class=\"special-heading-inner-border\"><\/div><\/div><\/div><br \/>\n<section  class='av_textblock_section av-39prdi-b135ad3acde10deb91dc97301271f605'  itemscope=\"itemscope\" itemtype=\"https:\/\/schema.org\/CreativeWork\" ><div class='avia_textblock'  itemprop=\"text\" ><p>Trabajamos constantemente en nuestro \u00e1rea para ofrecer servicios actualizados y de calidad a nuestros clientes. Recientemente hemos realizado una reforma que incluye una mejora en nuestra instalaci\u00f3n el\u00e9ctrica.<\/p>\n<\/div><\/section><\/p><\/div>\n<style type=\"text\/css\" data-created_by=\"avia_inline_auto\" id=\"style-css-av-34dlxq-635ea5f62fd025efe481b1b554e3170c\">\n.flex_column.av-34dlxq-635ea5f62fd025efe481b1b554e3170c{\n-webkit-border-radius:0px 0px 0px 0px;\n-moz-border-radius:0px 0px 0px 0px;\nborder-radius:0px 0px 0px 0px;\npadding:0px 0px 0px 0px;\n}\n<\/style>\n<div class='flex_column av-34dlxq-635ea5f62fd025efe481b1b554e3170c av_one_half  avia-builder-el-18  el_after_av_one_half  avia-builder-el-last  flex_column_div av-animated-generic bottom-to-top av-zero-column-padding '     ><p>\n<style type=\"text\/css\" data-created_by=\"avia_inline_auto\" id=\"style-css-av-2x33bi-6b048de78a070df767f01a29e43b6a65\">\n#top .av-special-heading.av-2x33bi-6b048de78a070df767f01a29e43b6a65{\npadding-bottom:20px;\nfont-size:34px;\n}\nbody .av-special-heading.av-2x33bi-6b048de78a070df767f01a29e43b6a65 .av-special-heading-tag .heading-char{\nfont-size:25px;\n}\n#top #wrap_all .av-special-heading.av-2x33bi-6b048de78a070df767f01a29e43b6a65 .av-special-heading-tag{\nfont-size:34px;\n}\n.av-special-heading.av-2x33bi-6b048de78a070df767f01a29e43b6a65 .av-subheading{\nfont-size:15px;\n}\n\n@media only screen and (min-width: 480px) and (max-width: 767px){ \n#top #wrap_all .av-special-heading.av-2x33bi-6b048de78a070df767f01a29e43b6a65 .av-special-heading-tag{\nfont-size:0.8em;\n}\n}\n\n@media only screen and (max-width: 479px){ \n#top #wrap_all .av-special-heading.av-2x33bi-6b048de78a070df767f01a29e43b6a65 .av-special-heading-tag{\nfont-size:0.8em;\n}\n}\n<\/style>\n<div  class='av-special-heading av-2x33bi-6b048de78a070df767f01a29e43b6a65 av-special-heading-h3 blockquote modern-quote  avia-builder-el-19  el_before_av_textblock  avia-builder-el-first  av-inherit-size'><div class='av-subheading av-subheading_above'><p>Personal cualificado y con muchos a\u00f1os de experiencia<\/p>\n<\/div><h3 class='av-special-heading-tag'  itemprop=\"headline\"  >Sobre nosotros<\/h3><div class=\"special-heading-border\"><div class=\"special-heading-inner-border\"><\/div><\/div><\/div><br \/>\n<section  class='av_textblock_section av-2rsahq-f5ec466fc012a50e5988edbce67b9c99'  itemscope=\"itemscope\" itemtype=\"https:\/\/schema.org\/CreativeWork\" ><div class='avia_textblock'  itemprop=\"text\" ><p>El \u00e1rea de autocaravanas no es solo un trabajo. Lleva ya muchos a\u00f1os siendo un estilo de vida, por lo que nos sentimos uno m\u00e1s con nuestros clientes. Siempre estamos a disposici\u00f3n para cualquier duda o necesidad que pueda surgir y por supuesto, para pasar un rato agradable juntos en el \u00e1rea.<\/p>\n<\/div><\/section><\/p><\/div>\n\n<\/div><\/div><\/div><!-- close content main div --><\/div><\/div><div id='av-layout-grid-3'  class='av-layout-grid-container av-2lhnji-d43d7eff9610dc08ba540d596e65eebc entry-content-wrapper main_color av-flex-cells  avia-builder-el-21  el_after_av_section  avia-builder-el-last  grid-row-not-first  container_wrap sidebar_right'  >\n\n<style type=\"text\/css\" data-created_by=\"avia_inline_auto\" id=\"style-css-av-2fekyu-9034cd76dbcfc14b7b10bdba5189d0df\">\n.flex_cell.av-2fekyu-9034cd76dbcfc14b7b10bdba5189d0df{\nvertical-align:middle;\nheight:500px;\nmin-height:500px;\nbackground:url(https:\/\/areaautocaravanas.com\/wp-content\/uploads\/2023\/09\/recepcion-scaled.jpg) 50% 50% no-repeat scroll #22689e;\n}\n.responsive #top #wrap_all .flex_cell.av-2fekyu-9034cd76dbcfc14b7b10bdba5189d0df{\npadding:0px 0px 0px 0px !important;\n}\n<\/style>\n<div class='flex_cell av-2fekyu-9034cd76dbcfc14b7b10bdba5189d0df av-gridrow-cell av_one_half no_margin  avia-builder-el-22  el_before_av_cell_one_half  avia-builder-el-first  av-zero-padding avia-full-stretch' ><div class='flex_cell_inner'><\/div><\/div>\n<style type=\"text\/css\" data-created_by=\"avia_inline_auto\" id=\"style-css-av-27fhbi-855af58edc7b41c651fd650578a5757f\">\n.flex_cell.av-27fhbi-855af58edc7b41c651fd650578a5757f{\nvertical-align:middle;\nheight:500px;\nmin-height:500px;\nbackground-color:#22689e;\n}\n.responsive #top #wrap_all .flex_cell.av-27fhbi-855af58edc7b41c651fd650578a5757f{\npadding:80px 80px 80px 80px !important;\n}\n<\/style>\n<div class='flex_cell av-27fhbi-855af58edc7b41c651fd650578a5757f av-gridrow-cell av_one_half no_margin  avia-builder-el-23  el_after_av_cell_one_half  avia-builder-el-last ' ><div class='flex_cell_inner'><p>\n<style type=\"text\/css\" data-created_by=\"avia_inline_auto\" id=\"style-css-av-25bvva-92f1c060e28629a63980ab9f83e2ba7f\">\n#top .av-special-heading.av-25bvva-92f1c060e28629a63980ab9f83e2ba7f{\npadding-bottom:25px;\ncolor:#ffffff;\nfont-size:34px;\n}\nbody .av-special-heading.av-25bvva-92f1c060e28629a63980ab9f83e2ba7f .av-special-heading-tag .heading-char{\nfont-size:25px;\n}\n#top #wrap_all .av-special-heading.av-25bvva-92f1c060e28629a63980ab9f83e2ba7f .av-special-heading-tag{\nfont-size:34px;\n}\n.av-special-heading.av-25bvva-92f1c060e28629a63980ab9f83e2ba7f .special-heading-inner-border{\nborder-color:#ffffff;\n}\n.av-special-heading.av-25bvva-92f1c060e28629a63980ab9f83e2ba7f .av-subheading{\nfont-size:15px;\n}\n\n@media only screen and (min-width: 480px) and (max-width: 767px){ \n#top #wrap_all .av-special-heading.av-25bvva-92f1c060e28629a63980ab9f83e2ba7f .av-special-heading-tag{\nfont-size:0.8em;\n}\n}\n\n@media only screen and (max-width: 479px){ \n#top #wrap_all .av-special-heading.av-25bvva-92f1c060e28629a63980ab9f83e2ba7f .av-special-heading-tag{\nfont-size:0.8em;\n}\n}\n<\/style>\n<div  class='av-special-heading av-25bvva-92f1c060e28629a63980ab9f83e2ba7f av-special-heading-h3 custom-color-heading blockquote modern-quote  avia-builder-el-24  el_before_av_textblock  avia-builder-el-first  av-inherit-size'><div class='av_custom_color av-subheading av-subheading_above'><p>Disponible de 09:00 a 20:00<\/p>\n<\/div><h3 class='av-special-heading-tag'  itemprop=\"headline\"  >Nos encontrar\u00e1s en recepci\u00f3n<\/h3><div class=\"special-heading-border\"><div class=\"special-heading-inner-border\"><\/div><\/div><\/div><br \/>\n\n<style type=\"text\/css\" data-created_by=\"avia_inline_auto\" id=\"style-css-av-1utzpa-46ad7c8ff355743fcf7ef09d3b113469\">\n#top .av_textblock_section.av-1utzpa-46ad7c8ff355743fcf7ef09d3b113469 .avia_textblock{\ncolor:#ffffff;\n}\n<\/style>\n<section  class='av_textblock_section av-1utzpa-46ad7c8ff355743fcf7ef09d3b113469'  itemscope=\"itemscope\" itemtype=\"https:\/\/schema.org\/CreativeWork\" ><div class='avia_textblock av_inherit_color'  itemprop=\"text\" ><p>Tenemos un amplio horario de recepci\u00f3n para que puedas venir con tu autocaravana. Fuera del horario la puerta del \u00e1rea se cierra, pero todos nuestros clientes pueden entrar y salir a su antojo. Si tienes cualquier duda o emergencia, tambi\u00e9n disponemos de un tel\u00e9fono de emergencias.<\/p>\n<\/div><\/section><\/p>\n<\/div><\/div>\n<\/div>\n","protected":false},"excerpt":{"rendered":"","protected":false},"author":1,"featured_media":0,"parent":0,"menu_order":0,"comment_status":"closed","ping_status":"closed","template":"","meta":{"tpgb_global_settings":"","footnotes":""},"class_list":["post-950","page","type-page","status-publish","hentry"],"tpgb_featured_images":null,"tpgb_post_meta_info":{"get_date":"15\/07\/2016","get_modified_date":"03\/09\/2023","author_name":"admin7337","author_url":"https:\/\/areaautocaravanas.com\/index.php\/author\/admin7337\/","author_email":"c.dlfuentec@gmail.com","author_website":"http:\/\/areaautocaravanas.com","author_description":"","author_facebook":"","author_twitter":"","author_instagram":"","author_role":["administrator"],"author_firstname":"","author_lastname":"","user_login":"admin7337","author_avatar":"<img alt='' src='https:\/\/secure.gravatar.com\/avatar\/575414fb728e4d712821f95d751c67801c83b16152fca69dcf305c71d988f422?s=200&#038;d=mm&#038;r=g' srcset='https:\/\/secure.gravatar.com\/avatar\/575414fb728e4d712821f95d751c67801c83b16152fca69dcf305c71d988f422?s=400&#038;d=mm&#038;r=g 2x' class='avatar avatar-200 photo' height='200' width='200' loading='lazy' decoding='async'\/>","author_avatar_url":"https:\/\/secure.gravatar.com\/avatar\/575414fb728e4d712821f95d751c67801c83b16152fca69dcf305c71d988f422?s=96&d=mm&r=g","comment_count":0,"post_likes":0,"post_views":0},"tpgb_post_category":[],"_links":{"self":[{"href":"https:\/\/areaautocaravanas.com\/index.php\/wp-json\/wp\/v2\/pages\/950","targetHints":{"allow":["GET"]}}],"collection":[{"href":"https:\/\/areaautocaravanas.com\/index.php\/wp-json\/wp\/v2\/pages"}],"about":[{"href":"https:\/\/areaautocaravanas.com\/index.php\/wp-json\/wp\/v2\/types\/page"}],"author":[{"embeddable":true,"href":"https:\/\/areaautocaravanas.com\/index.php\/wp-json\/wp\/v2\/users\/1"}],"replies":[{"embeddable":true,"href":"https:\/\/areaautocaravanas.com\/index.php\/wp-json\/wp\/v2\/comments?post=950"}],"version-history":[{"count":6,"href":"https:\/\/areaautocaravanas.com\/index.php\/wp-json\/wp\/v2\/pages\/950\/revisions"}],"predecessor-version":[{"id":1481,"href":"https:\/\/areaautocaravanas.com\/index.php\/wp-json\/wp\/v2\/pages\/950\/revisions\/1481"}],"wp:attachment":[{"href":"https:\/\/areaautocaravanas.com\/index.php\/wp-json\/wp\/v2\/media?parent=950"}],"curies":[{"name":"wp","href":"https:\/\/api.w.org\/{rel}","templated":true}]}}